{"id":319,"date":"2025-05-21T07:19:49","date_gmt":"2025-05-21T07:19:49","guid":{"rendered":"https:\/\/mast.si\/?page_id=319"},"modified":"2025-08-08T08:03:21","modified_gmt":"2025-08-08T08:03:21","slug":"home-2","status":"publish","type":"page","link":"https:\/\/mast.si\/index.php\/home-2\/","title":{"rendered":"Renovations"},"content":{"rendered":"\n<div style=\"height:100px\" aria-hidden=\"true\" class=\"wp-block-spacer\"><\/div>\n\n\n\n<div class=\"wp-block-cover alignfull has-large-font-size\"><img loading=\"lazy\" decoding=\"async\" width=\"768\" height=\"1024\" class=\"wp-block-cover__image-background wp-image-327 size-large\" alt=\"\" src=\"https:\/\/mast.si\/wp-content\/uploads\/2025\/05\/Renovation_1-768x1024.jpeg\" style=\"object-position:52% 58%\" data-object-fit=\"cover\" data-object-position=\"52% 58%\" srcset=\"https:\/\/mast.si\/wp-content\/uploads\/2025\/05\/Renovation_1-768x1024.jpeg 768w, https:\/\/mast.si\/wp-content\/uploads\/2025\/05\/Renovation_1-225x300.jpeg 225w, https:\/\/mast.si\/wp-content\/uploads\/2025\/05\/Renovation_1-1152x1536.jpeg 1152w, https:\/\/mast.si\/wp-content\/uploads\/2025\/05\/Renovation_1.jpeg 1200w\" sizes=\"auto, (max-width: 768px) 100vw, 768px\" \/><span aria-hidden=\"true\" class=\"wp-block-cover__background has-ast-global-color-8-background-color has-background-dim-20 has-background-dim\"><\/span><div class=\"wp-block-cover__inner-container is-layout-flow wp-block-cover-is-layout-flow\">\n<h1 class=\"wp-block-heading has-text-align-center animated fadeIn slower has-ast-global-color-5-color has-text-color has-link-color has-x-large-font-size wp-elements-1a690f20b518905ae1c3c149080ade81\">Preoblikujte svoj bivalni prostor z na\u0161imi celovitimi storitvami prenove in popravil<\/h1>\n<\/div><\/div>\n\n\n\n<div style=\"height:100px\" aria-hidden=\"true\" class=\"wp-block-spacer\"><\/div>\n\n\n\n<p>Ne glede na to, ali prenavljate le eno sobo ali se lotevate celovite prenove doma, zagotavljamo visoko kakovostno izvedbo z veliko pozornostjo do podrobnosti.<\/p>\n\n\n\n<h3 class=\"wp-block-heading\">Zaklju\u010dna dela, popravila in vzdr\u017eevanje notranjih in zunanjih prostorov<\/h3>\n\n\n\n<p>Specializirani smo za \u0161irok spekter prenovitvenih del, ki izbolj\u0161ajo tako videz kot funkcionalnost va\u0161ega objekta:<\/p>\n\n\n\n<h3 class=\"wp-block-heading\"><strong>Re\u0161itve za talne obloge<\/strong><\/h3>\n\n\n\n<ul class=\"wp-block-list\">\n<li>Izravnava tal za gladko in ravno povr\u0161ino<\/li>\n\n\n\n<li>Polaganje laminata, kerami\u010dnih plo\u0161\u010dic in parketa<\/li>\n\n\n\n<li>Namestitev zaklju\u010dnih letvic za \u010disti videz<\/li>\n<\/ul>\n\n\n\n<hr class=\"wp-block-separator has-alpha-channel-opacity\"\/>\n\n\n\n<h3 class=\"wp-block-heading\"><strong>Zaklju\u010dna obdelava sten<\/strong><\/h3>\n\n\n\n<ul class=\"wp-block-list\">\n<li>Profesionalno kitanje in ometavanje<\/li>\n\n\n\n<li>Gladko in obstojno barvanje<\/li>\n\n\n\n<li>Lepljenje tapet za dodajanje zna\u010daja in sloga<\/li>\n\n\n\n<li>Monta\u017ea in popravilo mav\u010dnih plo\u0161\u010d<\/li>\n<\/ul>\n\n\n\n<hr class=\"wp-block-separator has-alpha-channel-opacity\"\/>\n\n\n\n<h3 class=\"wp-block-heading\">Dela na stropih<\/h3>\n\n\n\n<ul class=\"wp-block-list\">\n<li>Sistemi spu\u0161\u010denih stropov<\/li>\n\n\n\n<li>Po meri oblikovani mav\u010dnokartonski stropi<\/li>\n\n\n\n<li>Namestitev okrasnih letvic<\/li>\n\n\n\n<li>Kitanje in barvanje za brezhiben zaklju\u010dek<\/li>\n<\/ul>\n\n\n\n<hr class=\"wp-block-separator has-alpha-channel-opacity\"\/>\n\n\n\n<h3 class=\"wp-block-heading\"><strong>Elektri\u010dna dela<\/strong><\/h3>\n\n\n\n<p>Na\u0161a ekipa nudi tudi certificirane elektri\u010dne storitve za podporo va\u0161emu prenovitvenemu projektu, vklju\u010dno z:<\/p>\n\n\n\n<ul class=\"wp-block-list\">\n<li>Polaganje in nadgradnja elektri\u010dne napeljave<\/li>\n\n\n\n<li>Namestitev svetlobnih sistemov<\/li>\n\n\n\n<li>Vgradnja elektri\u010dnih vti\u010dnic in stikal<\/li>\n<\/ul>\n\n\n\n<p>Nobeno delo ni premajhno ali preveliko<\/p>\n\n\n\n<h3 class=\"wp-block-heading\">Zdru\u017eujemo strokovno znanje z u\u010dinkovitostjo, da zagotovimo pravo\u010dasno, stro\u0161kovno u\u010dinkovito in kakovostno izvedbo va\u0161ih prenov.<\/h3>\n\n\n\n<h4 class=\"wp-block-heading\">Kontaktirajte nas \u0161e danes za brezpla\u010den posvet in oceno!<\/h4>\n\n\n\n<h3 class=\"wp-block-heading\">Kontakt: 064 110 111<\/h3>\n\n\n\n<p>Skupaj lahko uresni\u010dimo va\u0161o vizijo!<\/p>\n\n\n\n<div class=\"inherit-container-width wp-block-group is-layout-constrained wp-block-group-is-layout-constrained\">\n<figure class=\"wp-block-image size-large\"><img loading=\"lazy\" decoding=\"async\" width=\"768\" height=\"1024\" src=\"https:\/\/mast.si\/wp-content\/uploads\/2025\/05\/Renovation_1-1-768x1024.jpeg\" alt=\"\" class=\"wp-image-336\" style=\"aspect-ratio:1;object-fit:cover\" srcset=\"https:\/\/mast.si\/wp-content\/uploads\/2025\/05\/Renovation_1-1-768x1024.jpeg 768w, https:\/\/mast.si\/wp-content\/uploads\/2025\/05\/Renovation_1-1-225x300.jpeg 225w, https:\/\/mast.si\/wp-content\/uploads\/2025\/05\/Renovation_1-1-1152x1536.jpeg 1152w, https:\/\/mast.si\/wp-content\/uploads\/2025\/05\/Renovation_1-1.jpeg 1200w\" sizes=\"auto, (max-width: 768px) 100vw, 768px\" \/><\/figure>\n\n\n\n<figure class=\"wp-block-image size-large\"><img loading=\"lazy\" decoding=\"async\" width=\"1024\" height=\"768\" src=\"https:\/\/mast.si\/wp-content\/uploads\/2025\/05\/Renovation_2-1024x768.jpeg\" alt=\"\" class=\"wp-image-337\" style=\"aspect-ratio:1;object-fit:cover\" srcset=\"https:\/\/mast.si\/wp-content\/uploads\/2025\/05\/Renovation_2-1024x768.jpeg 1024w, https:\/\/mast.si\/wp-content\/uploads\/2025\/05\/Renovation_2-300x225.jpeg 300w, https:\/\/mast.si\/wp-content\/uploads\/2025\/05\/Renovation_2-768x576.jpeg 768w, https:\/\/mast.si\/wp-content\/uploads\/2025\/05\/Renovation_2-1536x1152.jpeg 1536w, https:\/\/mast.si\/wp-content\/uploads\/2025\/05\/Renovation_2.jpeg 1600w\" sizes=\"auto, (max-width: 1024px) 100vw, 1024px\" \/><\/figure>\n\n\n\n<figure class=\"wp-block-image size-large\"><img loading=\"lazy\" decoding=\"async\" width=\"1024\" height=\"768\" src=\"https:\/\/mast.si\/wp-content\/uploads\/2025\/05\/Renovation_4-1024x768.jpeg\" alt=\"\" class=\"wp-image-338\" style=\"aspect-ratio:1;object-fit:cover\" srcset=\"https:\/\/mast.si\/wp-content\/uploads\/2025\/05\/Renovation_4-1024x768.jpeg 1024w, https:\/\/mast.si\/wp-content\/uploads\/2025\/05\/Renovation_4-300x225.jpeg 300w, https:\/\/mast.si\/wp-content\/uploads\/2025\/05\/Renovation_4-768x576.jpeg 768w, https:\/\/mast.si\/wp-content\/uploads\/2025\/05\/Renovation_4-1536x1152.jpeg 1536w, https:\/\/mast.si\/wp-content\/uploads\/2025\/05\/Renovation_4.jpeg 1600w\" sizes=\"auto, (max-width: 1024px) 100vw, 1024px\" \/><\/figure>\n\n\n\n<figure class=\"wp-block-image size-large\"><img loading=\"lazy\" decoding=\"async\" width=\"576\" height=\"1024\" src=\"https:\/\/mast.si\/wp-content\/uploads\/2025\/05\/Renovation_6-576x1024.jpeg\" alt=\"\" class=\"wp-image-339\" style=\"aspect-ratio:1;object-fit:cover\" srcset=\"https:\/\/mast.si\/wp-content\/uploads\/2025\/05\/Renovation_6-576x1024.jpeg 576w, https:\/\/mast.si\/wp-content\/uploads\/2025\/05\/Renovation_6-169x300.jpeg 169w, https:\/\/mast.si\/wp-content\/uploads\/2025\/05\/Renovation_6-768x1365.jpeg 768w, https:\/\/mast.si\/wp-content\/uploads\/2025\/05\/Renovation_6-864x1536.jpeg 864w, https:\/\/mast.si\/wp-content\/uploads\/2025\/05\/Renovation_6.jpeg 900w\" sizes=\"auto, (max-width: 576px) 100vw, 576px\" \/><\/figure>\n\n\n\n<div class=\"inherit-container-width wp-block-group is-layout-constrained wp-block-group-is-layout-constrained\">\n<figure class=\"wp-block-image size-large\"><img loading=\"lazy\" decoding=\"async\" width=\"576\" height=\"1024\" src=\"https:\/\/mast.si\/wp-content\/uploads\/2025\/05\/Renovation-576x1024.jpeg\" alt=\"\" class=\"wp-image-340\" style=\"aspect-ratio:1;object-fit:cover\" srcset=\"https:\/\/mast.si\/wp-content\/uploads\/2025\/05\/Renovation-576x1024.jpeg 576w, https:\/\/mast.si\/wp-content\/uploads\/2025\/05\/Renovation-169x300.jpeg 169w, https:\/\/mast.si\/wp-content\/uploads\/2025\/05\/Renovation-768x1365.jpeg 768w, https:\/\/mast.si\/wp-content\/uploads\/2025\/05\/Renovation-864x1536.jpeg 864w, https:\/\/mast.si\/wp-content\/uploads\/2025\/05\/Renovation.jpeg 900w\" sizes=\"auto, (max-width: 576px) 100vw, 576px\" \/><\/figure>\n<\/div>\n\n\n\n<figure class=\"wp-block-image size-large\"><img loading=\"lazy\" decoding=\"async\" width=\"1024\" height=\"865\" src=\"https:\/\/mast.si\/wp-content\/uploads\/2025\/05\/Renovation8-1024x865.jpeg\" alt=\"\" class=\"wp-image-341\" style=\"aspect-ratio:1;object-fit:cover\" srcset=\"https:\/\/mast.si\/wp-content\/uploads\/2025\/05\/Renovation8-1024x865.jpeg 1024w, https:\/\/mast.si\/wp-content\/uploads\/2025\/05\/Renovation8-300x253.jpeg 300w, https:\/\/mast.si\/wp-content\/uploads\/2025\/05\/Renovation8-768x648.jpeg 768w, https:\/\/mast.si\/wp-content\/uploads\/2025\/05\/Renovation8.jpeg 1137w\" sizes=\"auto, (max-width: 1024px) 100vw, 1024px\" \/><\/figure>\n\n\n\n<figure class=\"wp-block-image size-large\"><img loading=\"lazy\" decoding=\"async\" width=\"1024\" height=\"768\" src=\"https:\/\/mast.si\/wp-content\/uploads\/2025\/05\/Renovationa_3-1024x768.jpeg\" alt=\"\" class=\"wp-image-342\" style=\"aspect-ratio:1;object-fit:cover\" srcset=\"https:\/\/mast.si\/wp-content\/uploads\/2025\/05\/Renovationa_3-1024x768.jpeg 1024w, https:\/\/mast.si\/wp-content\/uploads\/2025\/05\/Renovationa_3-300x225.jpeg 300w, https:\/\/mast.si\/wp-content\/uploads\/2025\/05\/Renovationa_3-768x576.jpeg 768w, https:\/\/mast.si\/wp-content\/uploads\/2025\/05\/Renovationa_3-1536x1152.jpeg 1536w, https:\/\/mast.si\/wp-content\/uploads\/2025\/05\/Renovationa_3.jpeg 1600w\" sizes=\"auto, (max-width: 1024px) 100vw, 1024px\" \/><\/figure>\n\n\n\n<figure class=\"wp-block-image size-large\"><img loading=\"lazy\" decoding=\"async\" width=\"1024\" height=\"768\" src=\"https:\/\/mast.si\/wp-content\/uploads\/2025\/05\/Renovation_5-1024x768.jpeg\" alt=\"\" class=\"wp-image-344\" style=\"aspect-ratio:1;object-fit:cover\" srcset=\"https:\/\/mast.si\/wp-content\/uploads\/2025\/05\/Renovation_5-1024x768.jpeg 1024w, https:\/\/mast.si\/wp-content\/uploads\/2025\/05\/Renovation_5-300x225.jpeg 300w, https:\/\/mast.si\/wp-content\/uploads\/2025\/05\/Renovation_5-768x576.jpeg 768w, https:\/\/mast.si\/wp-content\/uploads\/2025\/05\/Renovation_5-1536x1152.jpeg 1536w, https:\/\/mast.si\/wp-content\/uploads\/2025\/05\/Renovation_5.jpeg 1600w\" sizes=\"auto, (max-width: 1024px) 100vw, 1024px\" \/><\/figure>\n<\/div>\n\n\n\n<p><\/p>\n","protected":false},"excerpt":{"rendered":"<p>Ne glede na to, ali prenavljate le eno sobo ali se lotevate celovite prenove doma, zagotavljamo visoko kakovostno izvedbo z veliko pozornostjo do podrobnosti. Zaklju\u010dna dela, popravila in vzdr\u017eevanje notranjih in zunanjih prostorov Specializirani smo za \u0161irok spekter prenovitvenih del, ki izbolj\u0161ajo tako videz kot funkcionalnost va\u0161ega objekta: Re\u0161itve za talne obloge Zaklju\u010dna obdelava sten &hellip;<\/p>\n<p class=\"read-more\"> <a class=\"\" href=\"https:\/\/mast.si\/index.php\/home-2\/\"> <span class=\"screen-reader-text\">Renovations<\/span> Read More &raquo;<\/a><\/p>\n","protected":false},"author":1,"featured_media":0,"parent":0,"menu_order":0,"comment_status":"closed","ping_status":"closed","template":"","meta":{"_editorskit_title_hidden":false,"_editorskit_reading_time":0,"_editorskit_is_block_options_detached":false,"_editorskit_block_options_position":"{}","site-sidebar-layout":"default","site-content-layout":"default","ast-global-header-display":"","ast-main-header-display":"","ast-hfb-above-header-display":"","ast-hfb-below-header-display":"","ast-hfb-mobile-header-display":"","site-post-title":"disabled","ast-breadcrumbs-content":"","ast-featured-img":"","footer-sml-layout":"","theme-transparent-header-meta":"","adv-header-id-meta":"","stick-header-meta":"","header-above-stick-meta":"","header-main-stick-meta":"","header-below-stick-meta":"","footnotes":""},"class_list":["post-319","page","type-page","status-publish","hentry"],"_links":{"self":[{"href":"https:\/\/mast.si\/index.php\/wp-json\/wp\/v2\/pages\/319","targetHints":{"allow":["GET"]}}],"collection":[{"href":"https:\/\/mast.si\/index.php\/wp-json\/wp\/v2\/pages"}],"about":[{"href":"https:\/\/mast.si\/index.php\/wp-json\/wp\/v2\/types\/page"}],"author":[{"embeddable":true,"href":"https:\/\/mast.si\/index.php\/wp-json\/wp\/v2\/users\/1"}],"replies":[{"embeddable":true,"href":"https:\/\/mast.si\/index.php\/wp-json\/wp\/v2\/comments?post=319"}],"version-history":[{"count":15,"href":"https:\/\/mast.si\/index.php\/wp-json\/wp\/v2\/pages\/319\/revisions"}],"predecessor-version":[{"id":357,"href":"https:\/\/mast.si\/index.php\/wp-json\/wp\/v2\/pages\/319\/revisions\/357"}],"wp:attachment":[{"href":"https:\/\/mast.si\/index.php\/wp-json\/wp\/v2\/media?parent=319"}],"curies":[{"name":"wp","href":"https:\/\/api.w.org\/{rel}","templated":true}]}}